{"id":701,"date":"2011-05-20T18:49:43","date_gmt":"2011-05-21T01:49:43","guid":{"rendered":"http:\/\/wpthemetestdata.wordpress.com\/?page_id=701"},"modified":"2020-08-11T22:50:31","modified_gmt":"2020-08-12T01:50:31","slug":"front-page","status":"publish","type":"page","link":"https:\/\/p2bterceirizacao.com.br\/","title":{"rendered":"Front Page"},"content":{"rendered":"<link href=\"https:\/\/fonts.googleapis.com\/css?family=Oswald:700%2C400\" rel=\"stylesheet\" property=\"stylesheet\" type=\"text\/css\" media=\"all\">\n<div id=\"rev_slider_1_1_wrapper\" class=\"rev_slider_wrapper fullscreen-container\" data-source=\"gallery\" style=\"background-color:transparent;padding:0px;\">\n<!-- START REVOLUTION SLIDER 5.3.1.5 fullscreen mode -->\n\t<div id=\"rev_slider_1_1\" class=\"rev_slider fullscreenbanner\" style=\"display:none;\" data-version=\"5.3.1.5\">\n<ul>\t<!-- SLIDE  -->\n\t<li data-index=\"rs-1\" data-transition=\"fade\" data-slotamount=\"default\" data-hideafterloop=\"0\" data-hideslideonmobile=\"off\"  data-easein=\"default\" data-easeout=\"default\" data-masterspeed=\"300\"  data-rotate=\"0\"  data-saveperformance=\"off\"  data-title=\"Slide\" data-param1=\"\" data-param2=\"\" data-param3=\"\" data-param4=\"\" data-param5=\"\" data-param6=\"\" data-param7=\"\" data-param8=\"\" data-param9=\"\" data-param10=\"\" data-description=\"\">\n\t\t<!-- MAIN IMAGE -->\n\t\t<img loading=\"lazy\" decoding=\"async\" src=\"https:\/\/p2bterceirizacao.com.br\/wp-content\/uploads\/2019\/07\/home-e1561952177362.jpg\"  alt=\"p2b-terceiriza\u00e7\u00e3o\" title=\"p2b-terceiriza\u00e7\u00e3o\"  width=\"1600\" height=\"1067\" data-bgposition=\"center center\" data-bgfit=\"cover\" data-bgrepeat=\"no-repeat\" class=\"rev-slidebg\" data-no-retina>\n\t\t<!-- LAYERS -->\n\n\t\t<!-- LAYER NR. 1 -->\n\t\t<p class=\"tp-caption   tp-resizeme\" \n\t\t\t id=\"slide-1-layer-1\" \n\t\t\t data-x=\"\" \n\t\t\t data-y=\"center\" data-voffset=\"\" \n\t\t\t\t\t\tdata-width=\"['461']\"\n\t\t\tdata-height=\"['auto']\"\n \n\t\t\tdata-type=\"text\" \n\t\t\tdata-responsive_offset=\"on\" \n\n\t\t\tdata-frames='[{\"delay\":10,\"speed\":300,\"frame\":\"0\",\"from\":\"opacity:0;\",\"to\":\"o:1;\",\"ease\":\"Power3.easeInOut\"},{\"delay\":\"wait\",\"speed\":300,\"frame\":\"999\",\"to\":\"opacity:0;\",\"ease\":\"Power3.easeInOut\"}]'\n\t\t\tdata-textAlign=\"['inherit','inherit','inherit','inherit']\"\n\t\t\tdata-paddingtop=\"[0,0,0,0]\"\n\t\t\tdata-paddingright=\"[0,0,0,0]\"\n\t\t\tdata-paddingbottom=\"[0,0,0,0]\"\n\t\t\tdata-paddingleft=\"[0,0,0,0]\"\n\n\t\t\tstyle=\"z-index: 5; min-width: 461px; max-width: 461px; white-space: normal; font-size: 60px; line-height: 70px; font-weight: 700; color: rgba(255, 255, 255, 1.00);font-family:Oswald;\">TERCEIRIZA\u00c7\u00c3O DE PROFISSIONAIS E SERVI\u00c7OS <\/p>\n\n\t\t<!-- LAYER NR. 2 -->\n\t\t<p class=\"tp-caption   tp-resizeme\" \n\t\t\t id=\"slide-1-layer-3\" \n\t\t\t data-x=\"\" \n\t\t\t data-y=\"center\" data-voffset=\"178\" \n\t\t\t\t\t\tdata-width=\"['405']\"\n\t\t\tdata-height=\"['86']\"\n \n\t\t\tdata-type=\"text\" \n\t\t\tdata-responsive_offset=\"on\" \n\n\t\t\tdata-frames='[{\"delay\":10,\"speed\":300,\"frame\":\"0\",\"from\":\"opacity:0;\",\"to\":\"o:1;\",\"ease\":\"Power3.easeInOut\"},{\"delay\":\"wait\",\"speed\":300,\"frame\":\"999\",\"to\":\"opacity:0;\",\"ease\":\"Power3.easeInOut\"}]'\n\t\t\tdata-textAlign=\"['inherit','inherit','inherit','inherit']\"\n\t\t\tdata-paddingtop=\"[0,0,0,0]\"\n\t\t\tdata-paddingright=\"[0,0,0,0]\"\n\t\t\tdata-paddingbottom=\"[0,0,0,0]\"\n\t\t\tdata-paddingleft=\"[0,0,0,0]\"\n\n\t\t\tstyle=\"z-index: 6; min-width: 405px; max-width: 405px; max-width: 86px; max-width: 86px; white-space: normal; font-size: 26px; line-height: 30px; font-weight: 400; color: rgba(255, 255, 255, 1.00);font-family:Oswald;\">Terceiriza\u00e7\u00e3o de porteiro, garagista, zelador, servente, faxineiro, motorista, secret\u00e1ria, recepcionista, entre outros. <\/p>\n\t<\/li>\n<\/ul>\n<div class=\"tp-bannertimer tp-bottom\" style=\"visibility: hidden !important;\"><\/div>\t<\/div>\n<script>var htmlDiv = document.getElementById(\"rs-plugin-settings-inline-css\"); var htmlDivCss=\"\";\r\n\t\t\t\tif(htmlDiv) {\r\n\t\t\t\t\thtmlDiv.innerHTML = htmlDiv.innerHTML + htmlDivCss;\r\n\t\t\t\t}else{\r\n\t\t\t\t\tvar htmlDiv = document.createElement(\"div\");\r\n\t\t\t\t\thtmlDiv.innerHTML = \"<style>\" + htmlDivCss + \"<\/style>\";\r\n\t\t\t\t\tdocument.getElementsByTagName(\"head\")[0].appendChild(htmlDiv.childNodes[0]);\r\n\t\t\t\t}\r\n\t\t\t<\/script>\n\t\t<script type=\"text\/javascript\">\r\n\t\t\t\t\t\t\/******************************************\r\n\t\t\t\t-\tPREPARE PLACEHOLDER FOR SLIDER\t-\r\n\t\t\t******************************************\/\r\n\r\n\t\t\tvar setREVStartSize=function(){\r\n\t\t\t\ttry{var e=new Object,i=jQuery(window).width(),t=9999,r=0,n=0,l=0,f=0,s=0,h=0;\r\n\t\t\t\t\te.c = jQuery('#rev_slider_1_1');\r\n\t\t\t\t\te.gridwidth = [1240];\r\n\t\t\t\t\te.gridheight = [868];\r\n\t\t\t\t\t\t\t\r\n\t\t\t\t\te.sliderLayout = \"fullscreen\";\r\n\t\t\t\t\te.fullScreenAutoWidth='off';\r\n\t\t\t\t\te.fullScreenAlignForce='off';\r\n\t\t\t\t\te.fullScreenOffsetContainer= '';\r\n\t\t\t\t\te.fullScreenOffset='';\r\n\t\t\t\t\tif(e.responsiveLevels&&(jQuery.each(e.responsiveLevels,function(e,f){f>i&&(t=r=f,l=e),i>f&&f>r&&(r=f,n=e)}),t>r&&(l=n)),f=e.gridheight[l]||e.gridheight[0]||e.gridheight,s=e.gridwidth[l]||e.gridwidth[0]||e.gridwidth,h=i\/s,h=h>1?1:h,f=Math.round(h*f),\"fullscreen\"==e.sliderLayout){var u=(e.c.width(),jQuery(window).height());if(void 0!=e.fullScreenOffsetContainer){var c=e.fullScreenOffsetContainer.split(\",\");if (c) jQuery.each(c,function(e,i){u=jQuery(i).length>0?u-jQuery(i).outerHeight(!0):u}),e.fullScreenOffset.split(\"%\").length>1&&void 0!=e.fullScreenOffset&&e.fullScreenOffset.length>0?u-=jQuery(window).height()*parseInt(e.fullScreenOffset,0)\/100:void 0!=e.fullScreenOffset&&e.fullScreenOffset.length>0&&(u-=parseInt(e.fullScreenOffset,0))}f=u}else void 0!=e.minHeight&&f<e.minHeight&&(f=e.minHeight);e.c.closest(\".rev_slider_wrapper\").css({height:f})\r\n\t\t\t\t\t\r\n\t\t\t\t}catch(d){console.log(\"Failure at Presize of Slider:\"+d)}\r\n\t\t\t};\r\n\t\t\t\r\n\t\t\tsetREVStartSize();\r\n\t\t\t\r\n\t\t\t\t\t\tvar tpj=jQuery;\r\n\t\t\t\r\n\t\t\tvar revapi1;\r\n\t\t\ttpj(document).ready(function() {\n\t\t\t\tif(tpj(\"#rev_slider_1_1\").revolution == undefined){\n\t\t\t\t\trevslider_showDoubleJqueryError(\"#rev_slider_1_1\");\n\t\t\t\t}else{\n\t\t\t\t\trevapi1 = tpj(\"#rev_slider_1_1\").show().revolution({\n\t\t\t\t\t\tsliderType:\"hero\",\njsFileLocation:\"\/\/p2bterceirizacao.com.br\/wp-content\/plugins\/revslider\/public\/assets\/js\/\",\n\t\t\t\t\t\tsliderLayout:\"fullscreen\",\n\t\t\t\t\t\tdottedOverlay:\"none\",\n\t\t\t\t\t\tdelay:9000,\n\t\t\t\t\t\tnavigation: {\n\t\t\t\t\t\t},\n\t\t\t\t\t\tvisibilityLevels:[1240,1024,778,480],\n\t\t\t\t\t\tgridwidth:1240,\n\t\t\t\t\t\tgridheight:868,\n\t\t\t\t\t\tlazyType:\"none\",\n\t\t\t\t\t\tshadow:0,\n\t\t\t\t\t\tspinner:\"spinner0\",\n\t\t\t\t\t\tautoHeight:\"off\",\n\t\t\t\t\t\tfullScreenAutoWidth:\"off\",\n\t\t\t\t\t\tfullScreenAlignForce:\"off\",\n\t\t\t\t\t\tfullScreenOffsetContainer: \"\",\n\t\t\t\t\t\tfullScreenOffset: \"\",\n\t\t\t\t\t\tdisableProgressBar:\"on\",\n\t\t\t\t\t\thideThumbsOnMobile:\"off\",\n\t\t\t\t\t\thideSliderAtLimit:0,\n\t\t\t\t\t\thideCaptionAtLimit:0,\n\t\t\t\t\t\thideAllCaptionAtLilmit:0,\n\t\t\t\t\t\tdebugMode:false,\n\t\t\t\t\t\tfallbacks: {\n\t\t\t\t\t\t\tsimplifyAll:\"off\",\n\t\t\t\t\t\t\tdisableFocusListener:false,\n\t\t\t\t\t\t}\n\t\t\t\t\t});\n\t\t\t\t}\n\t\t\t});\t\/*ready*\/\n\t\t<\/script>\r\n\t\t<\/div><!-- END REVOLUTION SLIDER -->\n<p>&nbsp;<\/p>\n<p>&nbsp;<\/p>\n<div class=\"row \" style=\"padding-bottom: 80px\"><div class=\"col-md-6 col-sm-6 col-xs-12\">\n<h2 class=\"fitsc-heading fitsc-font-bold   fitsc-heading-border clearfix\" style=\"margin-top: 0\">P2B | People to Business.<\/h2>\n<p>Com sede em Niter\u00f3i, e filial no Centro do Rio de Janeiro, a P2B possui toda infraestrutura e capacita\u00e7\u00e3o profissional para oferecer solu\u00e7\u00f5es t\u00e9cnicas e inovadoras para empresas em toda a regi\u00e3o metropolitana do Rio, incluindo o munic\u00edpio de S\u00e3o Gon\u00e7alo, buscando a excel\u00eancia atrav\u00e9s de um servi\u00e7o personalizado, otimizado e de alta qualidade.<\/p>\n<p>Nosso prop\u00f3sito est\u00e1 na nossa cren\u00e7a de que, para as empresas e institui\u00e7\u00f5es otimizarem seus processos, serem mais competitivas e se destacarem no seu segmento de mercado, elas devem se dedicar 100% ao seu ramo de atividade, desde o modelo organizacional ao planejamento operacional. Por isso, nos estruturamos para oferecer solu\u00e7\u00f5es que atendam \u00e0s atividades-meio da sua empresa, trazendo benef\u00edcios como o aumento na qualidade do servi\u00e7o, a redu\u00e7\u00e3o de custos operacionais, a otimiza\u00e7\u00e3o do tempo e a possibilidade de expans\u00e3o sem grandes investimentos.<\/p>\n<\/div><div class=\"col-md-6 col-sm-6 col-xs-12\">\n<p><img loading=\"lazy\" decoding=\"async\" class=\"alignnone wp-image-2716 size-full\" src=\"http:\/\/p2bterceirizacao.com.br\/wp-content\/uploads\/2019\/07\/sele\u00e7\u00e3opb-e1562129378629.jpg\" alt=\"\" width=\"729\" height=\"532\" srcset=\"https:\/\/p2bterceirizacao.com.br\/wp-content\/uploads\/2019\/07\/sele\u00e7\u00e3opb-e1562129378629.jpg 729w, https:\/\/p2bterceirizacao.com.br\/wp-content\/uploads\/2019\/07\/sele\u00e7\u00e3opb-e1562129378629-300x219.jpg 300w, https:\/\/p2bterceirizacao.com.br\/wp-content\/uploads\/2019\/07\/sele\u00e7\u00e3opb-e1562129378629-600x438.jpg 600w\" sizes=\"auto, (max-width: 729px) 100vw, 729px\" \/><\/p>\n<\/div><\/div>\n<div class=\"row  row-background row-parallax\" style=\"padding-top: 80px;; background-image: url(http:\/\/p2bterceirizacao.com.br\/wp-content\/uploads\/2013\/06\/p2b-terceirizacao-atendimento.jpg);\">\n<div class=\"col-md-12 col-sm-12 col-xs-12 wow fadeInUp\">\r\n\t\t\t<div class=\"fitsc-promo-box-wrap\">\r\n\t\t\t\t<div class=\"fitsc-promo-box\">\r\n\t\t\t<div class=\"fitsc-buttons\"><a href='#'class=\"fitsc-button fitsc-large ghost rounded\" target='_blank'>Principais clientes<\/a> <\/div>\r\n\t\t\t<div class=\"fitsc-content\">\r\n\t\t\t\t<h3 class=\"fitsc-heading\">Destaque no atendimento a micro, pequenas, m\u00e9dias e grandes empresas.<\/h3>\r\n\t\t\t\t<p class=\"fitsc-text\">Conhe\u00e7a os principais clientes da P2B e veja como personalizamos nosso atendimento de acordo com a necessidades de cada empresa ou institui\u00e7\u00e3o.<\/p>\r\n\t\t\t<\/div><\/div>\r\n\t\t\t<\/div><\/div>\n<\/div>\n<div class=\"row home-section\">\n<h2 class=\"fitsc-heading fitsc-font-bold  fitsc-align-center  fitsc-heading-border clearfix\">CONHE\u00c7A OS BENEF\u00cdCIOS DA TERCEIRIZA\u00c7\u00c3O<\/h2>\n<h5 class=\"fitsc-heading fitsc-font-light  fitsc-align-center  clearfix\" style=\"margin-bottom: 70px\">Porque as grandes empresas no Brasil e no mundo est\u00e3o terceirizando suas atividades-meio.<\/h5>\n<div class=\"col-md-3 col-sm-3 col-xs-12 wow fadeInUp\">\n<div class=\"icon-box service-box icon-top  \">\r\n\t\t\t\t<i class=\"gala gala-trophy-stroke\"><\/i>\r\n\t\t\t\t<h5>AUMENTO NA QUALIDADE DO SERVI\u00c7O<\/h5>\r\n\t\t\t\t<p>A empresa ter\u00e1 foco exclusivo \u00e0 sua atividades fim.<\/p>\r\n\t\t\t\t\r\n\t\t\t<\/div>\n<\/div>\n<div class=\"col-md-3 col-sm-3 col-xs-12 wow fadeInUp\">\n<div class=\"icon-box service-box icon-top  \">\r\n\t\t\t\t<i class=\"gala gala-down-stroke\"><\/i>\r\n\t\t\t\t<h5>REDU\u00c7\u00c3O DE CUSTOS OPERACIONAIS<\/h5>\r\n\t\t\t\t<p>Redu\u00e7\u00e3o do n\u00famero de profissionais de RH e dos encargos trabalhistas. <\/p>\r\n\t\t\t\t\r\n\t\t\t<\/div>\n<\/div>\n<div class=\"col-md-3 col-sm-3 col-xs-12 wow fadeInUp\">\n<div class=\"icon-box service-box icon-top  \">\r\n\t\t\t\t<i class=\"gala gala-hourglass-stroke\"><\/i>\r\n\t\t\t\t<h5>OTIMIZA\u00c7\u00c3O DO TEMPO DE SERVI\u00c7O.<\/h5>\r\n\t\t\t\t<p>A contrata\u00e7\u00e3o pode ser feita para hor\u00e1rios e dias espec\u00edficos.<\/p>\r\n\t\t\t\t\r\n\t\t\t<\/div>\n<\/div>\n<div class=\"col-md-3 col-sm-3 col-xs-12 wow fadeInUp\">\n<div class=\"icon-box service-box icon-top  \">\r\n\t\t\t\t<i class=\"gala gala-user-add-stroke\"><\/i>\r\n\t\t\t\t<h5>EXPANS\u00c3O SEM RISCOS<\/h5>\r\n\t\t\t\t<p>Possibilidade de contratos por tempo determinado ou indeterminado.<\/p>\r\n\t\t\t\t\r\n\t\t\t<\/div>\n<\/div>\n<\/div>\n<div class=\"row  row-background row-parallax\" style=\"padding-top: 80px;; background-image: url(http:\/\/p2bterceirizacao.com.br\/wp-content\/uploads\/2013\/06\/p2b-terceiriza\u00e7\u00e3o-niter\u00f3i-rio.jpg);\">\n<div class=\"col-md-12 col-sm-12 col-xs-12 wow fadeInUp\">\r\n\t\t\t<div class=\"fitsc-promo-box-wrap\">\r\n\t\t\t\t<div class=\"fitsc-promo-box\">\r\n\t\t\t<div class=\"fitsc-buttons\"><a href='#'class=\"fitsc-button fitsc-large ghost rounded\" target='_blank'>Contato<\/a> <\/div>\r\n\t\t\t<div class=\"fitsc-content\">\r\n\t\t\t\t<h3 class=\"fitsc-heading\">ATENDEMOS EM TODA A REGI\u00c3O METROPOLITANA DO RIO DE JANEIRO, NITER\u00d3I E S\u00c3O GON\u00c7ALO.<\/h3>\r\n\t\t\t\t<p class=\"fitsc-text\">Entre em contato conosco e pe\u00e7a um or\u00e7amento de acordo com as necessidade da sua empresa.<\/p>\r\n\t\t\t<\/div><\/div>\r\n\t\t\t<\/div><\/div>\n<\/div>\n<div class=\"row \" style=\"padding: 50px 0;\">\n<h2 class=\"fitsc-heading fitsc-font-bold  fitsc-align-center  fitsc-heading-border clearfix\">MAIS SEGURAN\u00c7A EM CONTRATA\u00c7\u00d5ES E PROCESSOS LEGAIS. <\/h2>\n<h5 class=\"fitsc-heading fitsc-font-light  fitsc-align-center  clearfix\" style=\"margin-bottom: 70px\">Nossos contratos trazem total seguran\u00e7a para processos admissionais e judiciais.<\/h5>\n<div class=\"col-md-6 col-sm-6 col-xs-12\">\n<div class=\"icon-box service-box icon-left white small\">\r\n\t\t\t\t<i class=\"gala gala-docs-stroke\"><\/i>\r\n\t\t\t\t<h5>Estrutura\u00e7\u00e3o e acompanhamento de processos judiciais.<\/h5>\r\n\t\t\t\t<p>Nos responsabilizamos pela pesquisa e determina\u00e7\u00e3o de custos empregat\u00edcios, pelo alinhamento do contrato de trabalho, pela solu\u00e7\u00e3o de quest\u00f5es tribut\u00e1rias trabalhistas e por qualquer caso de a\u00e7\u00e3o judicial proveniente do funcion\u00e1rio terceirizado.<\/p>\r\n\t\t\t\t\r\n\t\t\t<\/div>\n<div class=\"icon-box service-box icon-left white small\">\r\n\t\t\t\t<i class=\"gala gala-comment-stroke\"><\/i>\r\n\t\t\t\t<h5>Assessoria para quest\u00f5es operacionais e t\u00e9cnicas.<\/h5>\r\n\t\t\t\t<p>Em caso de d\u00favidas, sugest\u00f5es ou adversidades, disponibilizamos uma assessoria jur\u00eddica especializada e profissionais de gest\u00e3o de pessoal prontos para atend\u00ea-lo.<\/p>\r\n\t\t\t\t\r\n\t\t\t<\/div>\n<\/div>\n<div class=\"col-md-6 col-sm-6 col-xs-12\">\n<div class=\"icon-box service-box icon-left white small\">\r\n\t\t\t\t<i class=\"gala gala-user-add-stroke\"><\/i>\r\n\t\t\t\t<h5>Recrutamento e gest\u00e3o de m\u00e3o de obra qualificada.<\/h5>\r\n\t\t\t\t<p>Buscamos no mercado os profissionais mais adequados ao perfil da sua empresa, submetendo-os a um rigoroso processo de sele\u00e7\u00e3o, al\u00e9m de orienta\u00e7\u00e3o para adequa\u00e7\u00e3o a cultura empresarial e \u00e0s quest\u00f5es pertinentes ao contrato de trabalho terceirizado.<\/p>\r\n\t\t\t\t\r\n\t\t\t<\/div>\n<div class=\"icon-box service-box icon-left white small\">\r\n\t\t\t\t<i class=\"gala gala-location-stroke\"><\/i>\r\n\t\t\t\t<h5>Planejamento operacional para remanejamento de profissionais.<\/h5>\r\n\t\t\t\t<p>Possu\u00edmos um banco de dados com profissionais de diversas \u00e1reas para oferecer sempre o melhor para sua empresa, caso seja necess\u00e1ria alguma substitui\u00e7\u00e3o por enfermidade, f\u00e9rias ou insatisfa\u00e7\u00e3o.<\/p>\r\n\t\t\t\t\r\n\t\t\t<\/div>\n<\/div><\/div>\n<blockquote>\n<p style=\"text-align: left;\"><h2 class=\"fitsc-heading fitsc-font-bold  fitsc-align-center  fitsc-heading-border clearfix\">DIVERSOS PROFISSIONAIS ESPECIALIZADOS E RAMOS DE ATIVIDADE<\/h2>\n<div class=\"row \">\n<div class=\"col-md-3 col-sm-3 col-xs-12\">\n<ul class='fitsc-list fitsc-gray'>\n<li><i class=\"gala-group5\"><\/i>Almoxarife<\/li>\n<li><i class=\"gala-group5\"><\/i>Arrumadeira<\/li>\n<li><i class=\"gala-group5\"><\/i>Ascensorista<\/li>\n<li><i class=\"gala-group5\"><\/i>Assistente Administrativo<\/li>\n<\/ul>\n\n<\/div>\n<div class=\"col-md-3 col-sm-3 col-xs-12\">\n<ul class='fitsc-list fitsc-gray'>\n<li><i class=\"gala-group5\"><\/i>Gar\u00e7om\/copeiro<\/li>\n<li><i class=\"gala-group5\"><\/i>Manobrista<\/li>\n<li><i class=\"gala-group5\"><\/i>Motorista<\/li>\n<li><i class=\"gala-group5\"><\/i>Porteiro<\/li>\n<\/ul>\n\n<\/div>\n<div class=\"col-md-3 col-sm-3 col-xs-12\">\n<ul class='fitsc-list fitsc-gray'>\n<li><i class=\"gala-group5\"><\/i>Gar\u00e7om\/copeiro<\/li>\n<li><i class=\"gala-group5\"><\/i>Manobrista<\/li>\n<li><i class=\"gala-group5\"><\/i>Motorista<\/li>\n<li><i class=\"gala-group5\"><\/i>Porteiro<\/li>\n<\/ul>\n\n<\/div>\n<div class=\"col-md-3 col-sm-3 col-xs-12\">\n<ul class='fitsc-list fitsc-gray'>\n<li><i class=\"gala-group5\"><\/i>Recepcionista<\/li>\n<li><i class=\"gala-group5\"><\/i>Secret\u00e1ria<\/li>\n<li><i class=\"gala-group5\"><\/i>Zelador<\/li>\n<li><i class=\"gala-group5\"><\/i>Entre outros<\/li>\n<\/ul>\n\n<\/div>\n<\/div><\/blockquote>\n<p>&nbsp;<\/p>\n<div class=\"row  row-background row-parallax\" style=\"padding-top: 80px; background-image: url(http:\/\/p2bterceirizacao.com.br\/wp-content\/uploads\/2013\/06\/p2b-terceirizacao-empresas.jpg);\">\n<h2 class=\"fitsc-heading fitsc-font-bold  fitsc-align-center  clearfix\">Conhe\u00e7a nossos principais clientes.<\/h2>\n<div class=\"col-md-12 col-sm-12 col-xs-12\"><div class=\"shortcode-testimonial\"><div class=\"item active\">\r\n\t\t\t\t\t\t<div class=\"testinonial-avatar\">\r\n\t\t\t\t\t\t\t<div class=\"wrap-avatar\"><img decoding=\"async\" src=\"https:\/\/p2bterceirizacao.com.br\/wp-content\/uploads\/2014\/10\/galp-e1562035434249.jpg\" alt=\"Petrogal S.A.\"><\/div>\r\n\t\t\t\t\t\t<\/div>\r\n\t\t\t\t\t\t<div class=\"testimonial-text\">Empresa portuguesa de produ\u00e7\u00e3o de combust\u00edveis f\u00f3sseis, que possui duas refinarias, Sines e Le\u00e7a da Palmeira. \u00c9 detida 70% pela Galp Energia e 30% pela Sinopec International. O contrato firmado com a P2B comtempla a aloca\u00e7\u00e3o de motoristas executivos bil\u00edngues, com responsabilidade de atender a alta diretoria da empresa.<\/div>\r\n\t\t\t\t\t\t<div class=\"testimonial-des\">\r\n\t\t\t\t\t\t\t<span class=\"name-author\"><a class=\"url-author\" href=\"http:\/\/www.galpenergia.com\/PT\/Paginas\/Home.aspx\">Petrogal S.A. - <\/a><\/span>\r\n\t\t\t\t\t\t\t<span class=\"regency-author\">Botafoto, Rio de Janeiro.<\/span>\r\n\t\t\t\t\t\t<\/div>\r\n\t\t\t\t\t<\/div>\n<div class=\"item \">\r\n\t\t\t\t\t\t<div class=\"testinonial-avatar\">\r\n\t\t\t\t\t\t\t<div class=\"wrap-avatar\"><img decoding=\"async\" src=\"https:\/\/p2bterceirizacao.com.br\/wp-content\/uploads\/2014\/10\/CR_Icara\u00ed-e1562035518781.jpg\" alt=\"Clube de Regatas Icara\u00ed\"><\/div>\r\n\t\t\t\t\t\t<\/div>\r\n\t\t\t\t\t\t<div class=\"testimonial-text\">O Clube, localizado em Icara\u00ed, um dos bairros mais nobres do munic\u00edpio de Niter\u00f3i, firmou o contrato com a P2B para disponibiliza\u00e7\u00e3o de 7 funcion\u00e1rios, sendo quatro porteiros, um auxiliar de servi\u00e7os gerais e duas assistentes administrativas.<\/div>\r\n\t\t\t\t\t\t<div class=\"testimonial-des\">\r\n\t\t\t\t\t\t\t<span class=\"name-author\"><a class=\"url-author\" href=\"https:\/\/www.facebook.com\/pages\/Clube-de-Regatas-Icara%C3%AD\/173508502695039\">Clube de Regatas Icara\u00ed - <\/a><\/span>\r\n\t\t\t\t\t\t\t<span class=\"regency-author\">Icara\u00ed, Niter\u00f3i.<\/span>\r\n\t\t\t\t\t\t<\/div>\r\n\t\t\t\t\t<\/div><\/div><\/div>\n<\/div><div class=\"row \" style=\"padding-top: 50px\">\n<div class=\"col-md-3 col-sm-3 col-xs-12\">\n<h5 class=\"fitsc-heading fitsc-font-bold   clearfix\">Contato<\/h5>\n<p>Sede: Av. Amaral Peixoto, 55, sala 906. Centro, Niter\u00f3i, RJ.<\/p>\n<p>Filial: Rua das Marrecas, 25, sala 602. Centro, Rio de Janeiro, RJ.<\/p>\n<p>Telefone: +55 21 3629 7720.<\/p>\n<p>Email: atendimento@p2bterceirizacao.com.br<\/p>\n<p>Web: www.p2bterceirizacao.com.br<\/p>\n<\/div><div class=\"col-md-9 col-sm-9 col-xs-12\">\n<h5 class=\"fitsc-heading fitsc-font-bold   clearfix\">Cliente, tire suas d\u00favidas e solicite um or\u00e7amento. Profissional, envie seu curr\u00edculo.<\/h5>\n<div role=\"form\" class=\"wpcf7\" id=\"wpcf7-f2081-o1\" lang=\"en-US\" dir=\"ltr\">\n<div class=\"screen-reader-response\"><\/div>\n<form action=\"\/index.php\/wp-json\/wp\/v2\/pages\/701#wpcf7-f2081-o1\" method=\"post\" class=\"wpcf7-form\" enctype=\"multipart\/form-data\" novalidate=\"novalidate\">\n<div style=\"display: none;\">\n<input type=\"hidden\" name=\"_wpcf7\" value=\"2081\" \/>\n<input type=\"hidden\" name=\"_wpcf7_version\" value=\"5.1.3\" \/>\n<input type=\"hidden\" name=\"_wpcf7_locale\" value=\"en_US\" \/>\n<input type=\"hidden\" name=\"_wpcf7_unit_tag\" value=\"wpcf7-f2081-o1\" \/>\n<input type=\"hidden\" name=\"_wpcf7_container_post\" value=\"0\" \/>\n<\/div>\n<div class=\"row\">\n<div class=\"col-md-4\"><span class=\"wpcf7-form-control-wrap contact-name\"><input type=\"text\" name=\"contact-name\" value=\"\" size=\"40\" class=\"wpcf7-form-control wpcf7-text\" aria-invalid=\"false\" placeholder=\"Nome\" \/><\/span><\/div>\n<div class=\"col-md-4\"><span class=\"wpcf7-form-control-wrap contact-email\"><input type=\"email\" name=\"contact-email\" value=\"\" size=\"40\" class=\"wpcf7-form-control wpcf7-text wpcf7-email wpcf7-validates-as-email\" aria-invalid=\"false\" placeholder=\"Email\" \/><\/span><\/div>\n<div class=\"col-md-4\"><span class=\"wpcf7-form-control-wrap contact-subject\"><input type=\"text\" name=\"contact-subject\" value=\"\" size=\"40\" class=\"wpcf7-form-control wpcf7-text\" aria-invalid=\"false\" placeholder=\"Assunto\" \/><\/span><\/div>\n<div class=\"col-md-12\"><span class=\"wpcf7-form-control-wrap contact-message\"><textarea name=\"contact-message\" cols=\"40\" rows=\"10\" class=\"wpcf7-form-control wpcf7-textarea\" aria-invalid=\"false\" placeholder=\"Mensagem\"><\/textarea><\/span><\/div>\n<div class=\"col-md-12\"><span class=\"wpcf7-form-control-wrap Currculo\"><input type=\"file\" name=\"Currculo\" size=\"40\" class=\"wpcf7-form-control wpcf7-file envio\" id=\"curriculo\" accept=\".doc,.pdf\" aria-invalid=\"false\" \/><\/span><\/div>\n<div class=\"col-md-4\"><input type=\"submit\" value=\"ENVIAR\" class=\"wpcf7-form-control wpcf7-submit\" \/><\/div>\n<\/div>\n<input type='hidden' id='ct_checkjs_cf7_05049e90fa4f5039a8cadc6acbb4b2cc' name='ct_checkjs_cf7' value='0' \/><script type='text\/javascript'>setTimeout(function(){apbct_sendAJAXRequest({action: 'apbct_js_keys__get'},{callback: apbct_js_keys__set_input_value, input_name: 'ct_checkjs_cf7_05049e90fa4f5039a8cadc6acbb4b2cc'});}, 1000);<\/script><div class=\"wpcf7-response-output wpcf7-display-none\"><\/div><\/form><\/div>\n<\/div>\n<\/div>\n","protected":false},"excerpt":{"rendered":"<p>&nbsp; &nbsp; &nbsp;<\/p>\n","protected":false},"author":1,"featured_media":0,"parent":0,"menu_order":0,"comment_status":"open","ping_status":"closed","template":"","meta":{"footnotes":""},"class_list":["post-701","page","type-page","status-publish","hentry","clearfix"],"_links":{"self":[{"href":"https:\/\/p2bterceirizacao.com.br\/index.php\/wp-json\/wp\/v2\/pages\/701","targetHints":{"allow":["GET"]}}],"collection":[{"href":"https:\/\/p2bterceirizacao.com.br\/index.php\/wp-json\/wp\/v2\/pages"}],"about":[{"href":"https:\/\/p2bterceirizacao.com.br\/index.php\/wp-json\/wp\/v2\/types\/page"}],"author":[{"embeddable":true,"href":"https:\/\/p2bterceirizacao.com.br\/index.php\/wp-json\/wp\/v2\/users\/1"}],"replies":[{"embeddable":true,"href":"https:\/\/p2bterceirizacao.com.br\/index.php\/wp-json\/wp\/v2\/comments?post=701"}],"version-history":[{"count":72,"href":"https:\/\/p2bterceirizacao.com.br\/index.php\/wp-json\/wp\/v2\/pages\/701\/revisions"}],"predecessor-version":[{"id":2730,"href":"https:\/\/p2bterceirizacao.com.br\/index.php\/wp-json\/wp\/v2\/pages\/701\/revisions\/2730"}],"wp:attachment":[{"href":"https:\/\/p2bterceirizacao.com.br\/index.php\/wp-json\/wp\/v2\/media?parent=701"}],"curies":[{"name":"wp","href":"https:\/\/api.w.org\/{rel}","templated":true}]}}