{"id":1969,"date":"2014-12-12T02:42:14","date_gmt":"2014-12-12T02:42:14","guid":{"rendered":"http:\/\/demo2.fitwp.com\/galaticos\/?page_id=1969"},"modified":"2014-12-12T02:42:14","modified_gmt":"2014-12-12T02:42:14","slug":"testimonial-shortcode","status":"publish","type":"page","link":"https:\/\/p2bterceirizacao.com.br\/index.php\/shortcodes\/testimonial-shortcode\/","title":{"rendered":"Testimonials"},"content":{"rendered":"<div class=\"row \" style=\"padding-bottom: 50px\"><div class=\"col-md-6 col-sm-6 col-xs-12\">\n<h2 class=\"fitsc-heading fitsc-font-bold   fitsc-heading-border clearfix\" style=\"margin-top: 0\">Small Testimonial<\/h2>\nLorem ipsum dolor sit amet, consectetur adipiscing elit. Nam sed ligula odio. Sed id metus felis. Ut pretium nisl non justo condimentum id tincidunt nunc faucibus. Ut neque eros, pulvinar eu blandit quis, lacinia nec ipsum. Etiam vel orci ipsum. Sed eget velit ipsum.<\/p>\n<p>Donec eu ultrices sapien. Donec dui turpis, commodo nec sollicitudin non, imperdiet quis massa. Donec vitae metus elit. Donec a semper erat, a varius turpis. In vel lobortis dolor. Sed laoreet eget lectus sed volutpat. Nam sed ligula odio. Sed id metus felis.<\/p>\n<\/div><div class=\"col-md-6 col-sm-6 col-xs-12\">\n<div class=\"shortcode-testimonial testimonial-small\"><div class=\"item active\">\r\n\t\t\t\t\t\t<div class=\"testimonial-text\">Empresa portuguesa de produ\u00e7\u00e3o de combust\u00edveis f\u00f3sseis, que possui duas refinarias, Sines e Le\u00e7a da Palmeira. \u00c9 detida 70% pela Galp Energia e 30% pela Sinopec International. O contrato firmado com a P2B comtempla a aloca\u00e7\u00e3o de motoristas executivos bil\u00edngues, com responsabilidade de atender a alta diretoria da empresa.<\/div>\r\n\t\t\t\t\t\t<div class=\"wrap-avatar\"><img decoding=\"async\" src=\"https:\/\/p2bterceirizacao.com.br\/wp-content\/uploads\/2014\/10\/galp-e1562035434249.jpg\" alt=\"Petrogal S.A.\"><\/div>\r\n\t\t\t\t\t\t<div class=\"testimonial-des\">\r\n\t\t\t\t\t\t\t<div class=\"name-author\">Petrogal S.A.<\/div>\r\n\t\t\t\t\t\t\t<div class=\"regency-author\">Botafoto, Rio de Janeiro.<\/div>\r\n\t\t\t\t\t\t\t<a class=\"url-author\" href=\"http:\/\/www.galpenergia.com\/PT\/Paginas\/Home.aspx\">http:\/\/www.galpenergia.com\/PT\/Paginas\/Home.aspx<\/a>\r\n\t\t\t\t\t\t<\/div>\r\n\t\t\t\t\t<\/div>\n<div class=\"item \">\r\n\t\t\t\t\t\t<div class=\"testimonial-text\">O Clube, localizado em Icara\u00ed, um dos bairros mais nobres do munic\u00edpio de Niter\u00f3i, firmou o contrato com a P2B para disponibiliza\u00e7\u00e3o de 7 funcion\u00e1rios, sendo quatro porteiros, um auxiliar de servi\u00e7os gerais e duas assistentes administrativas.<\/div>\r\n\t\t\t\t\t\t<div class=\"wrap-avatar\"><img decoding=\"async\" src=\"https:\/\/p2bterceirizacao.com.br\/wp-content\/uploads\/2014\/10\/CR_Icara\u00ed-e1562035518781.jpg\" alt=\"Clube de Regatas Icara\u00ed\"><\/div>\r\n\t\t\t\t\t\t<div class=\"testimonial-des\">\r\n\t\t\t\t\t\t\t<div class=\"name-author\">Clube de Regatas Icara\u00ed<\/div>\r\n\t\t\t\t\t\t\t<div class=\"regency-author\">Icara\u00ed, Niter\u00f3i.<\/div>\r\n\t\t\t\t\t\t\t<a class=\"url-author\" href=\"https:\/\/www.facebook.com\/pages\/Clube-de-Regatas-Icara%C3%AD\/173508502695039\">https:\/\/www.facebook.com\/pages\/Clube-de-Regatas-Icara%C3%AD\/173508502695039<\/a>\r\n\t\t\t\t\t\t<\/div>\r\n\t\t\t\t\t<\/div><\/div>\n<\/div><\/div>\n<div class=\"row  row-background row-parallax\" style=\"padding-top: 80px; background-image: url(http:\/\/p2bterceirizacao.com.br\/wp-content\/uploads\/2013\/06\/slider-1.jpg);\">\n<h2 class=\"fitsc-heading fitsc-font-bold  fitsc-align-center  clearfix\">Big Testimonial<\/h2>\n<div class=\"col-md-12 col-sm-12 col-xs-12\"><div class=\"shortcode-testimonial\"><div class=\"item active\">\r\n\t\t\t\t\t\t<div class=\"testinonial-avatar\">\r\n\t\t\t\t\t\t\t<div class=\"wrap-avatar\"><img decoding=\"async\" src=\"https:\/\/p2bterceirizacao.com.br\/wp-content\/uploads\/2014\/10\/galp-e1562035434249.jpg\" alt=\"Petrogal S.A.\"><\/div>\r\n\t\t\t\t\t\t<\/div>\r\n\t\t\t\t\t\t<div class=\"testimonial-text\">Empresa portuguesa de produ\u00e7\u00e3o de combust\u00edveis f\u00f3sseis, que possui duas refinarias, Sines e Le\u00e7a da Palmeira. \u00c9 detida 70% pela Galp Energia e 30% pela Sinopec International. O contrato firmado com a P2B comtempla a aloca\u00e7\u00e3o de motoristas executivos bil\u00edngues, com responsabilidade de atender a alta diretoria da empresa.<\/div>\r\n\t\t\t\t\t\t<div class=\"testimonial-des\">\r\n\t\t\t\t\t\t\t<span class=\"name-author\"><a class=\"url-author\" href=\"http:\/\/www.galpenergia.com\/PT\/Paginas\/Home.aspx\">Petrogal S.A. - <\/a><\/span>\r\n\t\t\t\t\t\t\t<span class=\"regency-author\">Botafoto, Rio de Janeiro.<\/span>\r\n\t\t\t\t\t\t<\/div>\r\n\t\t\t\t\t<\/div>\n<div class=\"item \">\r\n\t\t\t\t\t\t<div class=\"testinonial-avatar\">\r\n\t\t\t\t\t\t\t<div class=\"wrap-avatar\"><img decoding=\"async\" src=\"https:\/\/p2bterceirizacao.com.br\/wp-content\/uploads\/2014\/10\/CR_Icara\u00ed-e1562035518781.jpg\" alt=\"Clube de Regatas Icara\u00ed\"><\/div>\r\n\t\t\t\t\t\t<\/div>\r\n\t\t\t\t\t\t<div class=\"testimonial-text\">O Clube, localizado em Icara\u00ed, um dos bairros mais nobres do munic\u00edpio de Niter\u00f3i, firmou o contrato com a P2B para disponibiliza\u00e7\u00e3o de 7 funcion\u00e1rios, sendo quatro porteiros, um auxiliar de servi\u00e7os gerais e duas assistentes administrativas.<\/div>\r\n\t\t\t\t\t\t<div class=\"testimonial-des\">\r\n\t\t\t\t\t\t\t<span class=\"name-author\"><a class=\"url-author\" href=\"https:\/\/www.facebook.com\/pages\/Clube-de-Regatas-Icara%C3%AD\/173508502695039\">Clube de Regatas Icara\u00ed - <\/a><\/span>\r\n\t\t\t\t\t\t\t<span class=\"regency-author\">Icara\u00ed, Niter\u00f3i.<\/span>\r\n\t\t\t\t\t\t<\/div>\r\n\t\t\t\t\t<\/div><\/div><\/div>\n<\/div>\n","protected":false},"excerpt":{"rendered":"","protected":false},"author":1,"featured_media":0,"parent":2412,"menu_order":0,"comment_status":"open","ping_status":"closed","template":"","meta":{"footnotes":""},"class_list":["post-1969","page","type-page","status-publish","hentry","clearfix"],"_links":{"self":[{"href":"https:\/\/p2bterceirizacao.com.br\/index.php\/wp-json\/wp\/v2\/pages\/1969","targetHints":{"allow":["GET"]}}],"collection":[{"href":"https:\/\/p2bterceirizacao.com.br\/index.php\/wp-json\/wp\/v2\/pages"}],"about":[{"href":"https:\/\/p2bterceirizacao.com.br\/index.php\/wp-json\/wp\/v2\/types\/page"}],"author":[{"embeddable":true,"href":"https:\/\/p2bterceirizacao.com.br\/index.php\/wp-json\/wp\/v2\/users\/1"}],"replies":[{"embeddable":true,"href":"https:\/\/p2bterceirizacao.com.br\/index.php\/wp-json\/wp\/v2\/comments?post=1969"}],"version-history":[{"count":0,"href":"https:\/\/p2bterceirizacao.com.br\/index.php\/wp-json\/wp\/v2\/pages\/1969\/revisions"}],"up":[{"embeddable":true,"href":"https:\/\/p2bterceirizacao.com.br\/index.php\/wp-json\/wp\/v2\/pages\/2412"}],"wp:attachment":[{"href":"https:\/\/p2bterceirizacao.com.br\/index.php\/wp-json\/wp\/v2\/media?parent=1969"}],"curies":[{"name":"wp","href":"https:\/\/api.w.org\/{rel}","templated":true}]}}